{"id":47,"date":"2015-10-21T17:00:02","date_gmt":"2015-10-21T17:00:02","guid":{"rendered":"http:\/\/is-online.eu\/?page_id=47"},"modified":"2015-10-21T19:52:35","modified_gmt":"2015-10-21T19:52:35","slug":"belarus-kinder","status":"publish","type":"page","link":"http:\/\/is-online.eu\/index.php\/projekte\/belarus-kinder\/","title":{"rendered":"Belarus-Kinder"},"content":{"rendered":"<p><a href=\"http:\/\/www.belarus-kinder.eu\" target=\"_blank\">F\u00fcr Kinder aus Wei\u00dfrussland e.V. D\u00fcsseldorf\u00a0<\/a><\/p>\n","protected":false},"excerpt":{"rendered":"<p>F\u00fcr Kinder aus Wei\u00dfrussland e.V. D\u00fcsseldorf\u00a0<\/p>\n","protected":false},"author":1,"featured_media":0,"parent":14,"menu_order":0,"comment_status":"closed","ping_status":"closed","template":"","meta":[],"_links":{"self":[{"href":"http:\/\/is-online.eu\/index.php\/wp-json\/wp\/v2\/pages\/47"}],"collection":[{"href":"http:\/\/is-online.eu\/index.php\/wp-json\/wp\/v2\/pages"}],"about":[{"href":"http:\/\/is-online.eu\/index.php\/wp-json\/wp\/v2\/types\/page"}],"author":[{"embeddable":true,"href":"http:\/\/is-online.eu\/index.php\/wp-json\/wp\/v2\/users\/1"}],"replies":[{"embeddable":true,"href":"http:\/\/is-online.eu\/index.php\/wp-json\/wp\/v2\/comments?post=47"}],"version-history":[{"count":6,"href":"http:\/\/is-online.eu\/index.php\/wp-json\/wp\/v2\/pages\/47\/revisions"}],"predecessor-version":[{"id":95,"href":"http:\/\/is-online.eu\/index.php\/wp-json\/wp\/v2\/pages\/47\/revisions\/95"}],"up":[{"embeddable":true,"href":"http:\/\/is-online.eu\/index.php\/wp-json\/wp\/v2\/pages\/14"}],"wp:attachment":[{"href":"http:\/\/is-online.eu\/index.php\/wp-json\/wp\/v2\/media?parent=47"}],"curies":[{"name":"wp","href":"https:\/\/api.w.org\/{rel}","templated":true}]}}